{"id":11304,"date":"2023-08-17T19:14:13","date_gmt":"2023-08-17T19:14:13","guid":{"rendered":"https:\/\/staging.natus.com\/education\/"},"modified":"2023-10-16T20:50:46","modified_gmt":"2023-10-16T20:50:46","slug":"educacion","status":"publish","type":"page","link":"https:\/\/staging.natus.com\/es\/educacion\/","title":{"rendered":"Educaci\u00f3n"},"content":{"rendered":"","protected":false},"excerpt":{"rendered":"","protected":false},"author":1,"featured_media":0,"parent":0,"menu_order":0,"comment_status":"closed","ping_status":"closed","template":"","meta":{"_acf_changed":false,"footnotes":""},"categories":[],"tags":[],"class_list":["post-11304","page","type-page","status-publish","hentry"],"acf":{"content_blocks":[{"acf_fc_layout":"hero1","acfe_flexible_toggle":"","acfe_flexible_layout_title":"Hero1","hero_locations":{"unique_id":"n6511ace06c94c","background":{"ID":930,"id":930,"title":"locations-hero","filename":"locations-hero.jpg","filesize":249977,"url":"https:\/\/staging.natus.com\/wp-content\/uploads\/locations-hero.jpg","link":"https:\/\/staging.natus.com\/es\/ubicaciones\/locations-hero-2\/","alt":"","author":"1","description":"","caption":"","name":"locations-hero-2","status":"inherit","uploaded_to":8346,"date":"2023-07-30 10:59:34","modified":"2023-09-21 15:29:51","menu_order":0,"mime_type":"image\/jpeg","type":"image","subtype":"jpeg","icon":"https:\/\/staging.natus.com\/wp-includes\/images\/media\/default.png","width":1920,"height":500,"sizes":{"thumbnail":"https:\/\/staging.natus.com\/wp-content\/uploads\/locations-hero.jpg","thumbnail-width":128,"thumbnail-height":33,"medium":"https:\/\/staging.natus.com\/wp-content\/uploads\/locations-hero.jpg","medium-width":1920,"medium-height":500,"medium_large":"https:\/\/staging.natus.com\/wp-content\/uploads\/locations-hero-768x200.jpg","medium_large-width":768,"medium_large-height":200,"large":"https:\/\/staging.natus.com\/wp-content\/uploads\/locations-hero.jpg","large-width":1920,"large-height":500,"1536x1536":"https:\/\/staging.natus.com\/wp-content\/uploads\/locations-hero-1536x400.jpg","1536x1536-width":1536,"1536x1536-height":400,"2048x2048":"https:\/\/staging.natus.com\/wp-content\/uploads\/locations-hero.jpg","2048x2048-width":1920,"2048x2048-height":500}},"h1":"Educaci\u00f3n","description":""}},{"acf_fc_layout":"spacer","acfe_flexible_toggle":"","acfe_flexible_layout_title":"Spacer","spacer":{"module_options":{"":null,"module_id":"n6514d1d199838","module_class":"","module_background_type":"color","module_background_color":"#f1f1f1","module_background_image":false,"module_background_video":"","activate_custom_padding":false,"padding_top_desktop":"0","padding_top_tablet":"0","padding_top_mobile":"0","padding_bottom_desktop":"0","padding_bottom_tablet":"0","padding_bottom_mobile":"0","activate_custom_margin":false,"margin_top_desktop":"0","margin_top_tablet":"0","margin_top_mobile":"0","margin_bottom_desktop":"0","margin_bottom_tablet":"0","margin_bottom_mobile":"0","disable_on":[],"content_alignment_desktop":"left","content_alignment_tablet":"left","content_alignment_mobile":"left"},"height":"50"}},{"acf_fc_layout":"divider","acfe_flexible_toggle":"","acfe_flexible_layout_title":"Divider","divider":{"module_options":{"":null,"module_id":"n6514d1d1b66a0","module_class":"","module_background_type":"color","module_background_color":"","module_background_image":false,"module_background_video":"","activate_custom_padding":false,"padding_top_desktop":"0","padding_top_tablet":"0","padding_top_mobile":"0","padding_bottom_desktop":"0","padding_bottom_tablet":"0","padding_bottom_mobile":"0","activate_custom_margin":false,"margin_top_desktop":"0","margin_top_tablet":"0","margin_top_mobile":"0","margin_bottom_desktop":"-49","margin_bottom_tablet":"0","margin_bottom_mobile":"0","disable_on":[],"content_alignment_desktop":"left","content_alignment_tablet":"left","content_alignment_mobile":"left"},"color":"#00aaa7","height":"12"}},{"acf_fc_layout":"simple_content","acfe_flexible_toggle":"","acfe_flexible_layout_title":"Simple Content","content_full_width_landing":{"module_options":{"":null,"module_id":"n6514d1d1bceb1","module_class":"","module_background_type":"color","module_background_color":"","module_background_image":false,"module_background_video":"","activate_custom_padding":true,"padding_top_desktop":"0","padding_top_tablet":"0","padding_top_mobile":"0","padding_bottom_desktop":"80","padding_bottom_tablet":"10","padding_bottom_mobile":"10","activate_custom_margin":false,"margin_top_desktop":"0","margin_top_tablet":"0","margin_top_mobile":"0","margin_bottom_desktop":"-95","margin_bottom_tablet":"-10","margin_bottom_mobile":"-10","disable_on":[],"content_alignment_desktop":"left","content_alignment_tablet":"left","content_alignment_mobile":"left"},"content":"<h4 style=\"text-align: center;\"><span style=\"color: #005e63;\">Mant\u00e9ngase un paso adelante en el cuidado de la salud a trav\u00e9s de nuestras academias<\/span><\/h4>\n"}},{"acf_fc_layout":"content_multiple_columns","acfe_flexible_toggle":"","acfe_flexible_layout_title":"Content Multiple Columns","content_multiple_columns":{"module_options":{"":null,"module_id":"n6511b0fddb3e1","module_class":"","module_background_type":"color","module_background_color":"","module_background_image":false,"module_background_video":"","activate_custom_padding":true,"padding_top_desktop":"100","padding_top_tablet":"20","padding_top_mobile":"20","padding_bottom_desktop":"100","padding_bottom_tablet":"20","padding_bottom_mobile":"20","activate_custom_margin":false,"margin_top_desktop":"-100","margin_top_tablet":"-20","margin_top_mobile":"-20","margin_bottom_desktop":"-100","margin_bottom_tablet":"-20","margin_bottom_mobile":"-20","disable_on":[],"content_alignment_desktop":"left","content_alignment_tablet":"left","content_alignment_mobile":"left"},"columns_per_rows_desktop":"3","columns_per_rows_tablet":"1","columns_per_rows_mobile":"1","columns":[{"column_background":"#ffffff","column_size":"one-third","column_alignment":"align-left","activate_top_right_border_radius":true,"content_type":[{"acf_fc_layout":"simple_content","content":"<p><img loading=\"lazy\" decoding=\"async\" class=\"size-full wp-image-7038 alignleft\" src=\"\/wp-content\/uploads\/registered_members_icon_teal.png\" alt=\"\" width=\"100\" height=\"100\" \/><br \/>\n<strong><span style=\"font-size: 22px;\"><span style=\"color: #008c9a;\">18,000+ miembros registrados<\/span><\/span><\/strong><\/p>\n"}]},{"column_background":"#ffffff","column_size":"one-third","column_alignment":"align-left","activate_top_right_border_radius":true,"content_type":[{"acf_fc_layout":"simple_content","content":"<p><img loading=\"lazy\" decoding=\"async\" class=\"size-full wp-image-7033 alignleft\" src=\"\/wp-content\/uploads\/500_courses_icon_teal.png\" alt=\"\" width=\"100\" height=\"100\" \/><\/p>\n<p>&nbsp;<\/p>\n<p><strong><span style=\"font-size: 22px;\"><span style=\"color: #008c9a;\">Oportunidades de formaci\u00f3n acreditada<\/span><\/span><\/strong><\/p>\n"}]},{"column_background":"#ffffff","column_size":"one-third","column_alignment":"align-left","activate_top_right_border_radius":true,"content_type":[{"acf_fc_layout":"simple_content","content":"<p><img loading=\"lazy\" decoding=\"async\" class=\"size-full wp-image-7043 alignleft\" src=\"\/wp-content\/uploads\/product_training_icon_teal.png\" alt=\"\" width=\"100\" height=\"100\" \/><\/p>\n<p>&nbsp;<\/p>\n<p><strong><span style=\"font-size: 22px;\"><span style=\"color: #008c9a;\">M\u00e1s de 500 cursos cl\u00ednicos y de productos<\/span><\/span><\/strong><\/p>\n"}]}]}},{"acf_fc_layout":"content_multiple_columns","acfe_flexible_toggle":"","acfe_flexible_layout_title":"Content Multiple Columns","content_multiple_columns":{"module_options":{"":null,"module_id":"n6511b0fdddaa0","module_class":"","module_background_type":"color","module_background_color":"","module_background_image":false,"module_background_video":"","activate_custom_padding":true,"padding_top_desktop":"40","padding_top_tablet":"0","padding_top_mobile":"0","padding_bottom_desktop":"0","padding_bottom_tablet":"0","padding_bottom_mobile":"0","activate_custom_margin":false,"margin_top_desktop":"-40","margin_top_tablet":"0","margin_top_mobile":"0","margin_bottom_desktop":"0","margin_bottom_tablet":"0","margin_bottom_mobile":"0","disable_on":[],"content_alignment_desktop":"left","content_alignment_tablet":"left","content_alignment_mobile":"left"},"columns_per_rows_desktop":"2","columns_per_rows_tablet":"1","columns_per_rows_mobile":"1","columns":[{"column_background":"#f1f1f1","column_size":"one-third","column_alignment":"align-left","activate_top_right_border_radius":false,"content_type":[{"acf_fc_layout":"simple_content","content":"<h4>Proporcionar conocimiento experto, experiencia cl\u00ednica y educaci\u00f3n avanzada, sea cual sea su funci\u00f3n, donde sea que trabaje.<\/h4>\n<p>Basado en nuestro fuerte compromiso con la formaci\u00f3n continua, la oferta de Natus Academy est\u00e1 dise\u00f1ada espec\u00edficamente para brindar acceso exclusivo sus miembros a los \u00faltimos avances cient\u00edficos en el campo. Esta exclusiva comunidad interactiva ayuda a sus miembros a explorar las \u00faltimas tendencias, ofrece recursos educativos en l\u00ednea y capacitaci\u00f3n\/formaci\u00f3n detallada sobre productos.<\/p>\n<p>Ofrecemos cursos de capacitaci\u00f3n\/formaci\u00f3n pr\u00e1cticas, dirigidas por expertos de la industria. Descubra todo el potencial que cada producto tiene para ofrecer.<\/p>\n"}]},{"column_background":"#008b96","column_size":"one-third","column_alignment":"align-left","activate_top_right_border_radius":true,"content_type":[{"acf_fc_layout":"simple_content","content":"<p>&nbsp;<\/p>\n<h5><span style=\"color: #ffffff;\"><strong>Nuestra misi\u00f3n: <\/strong> Crear, presentar y difundir conocimiento cl\u00ednico y experiencia en productos para educar a nuestros clientes y empoderarlos para mejorar y avanzar a\u00fan m\u00e1s en la atenci\u00f3n al paciente y el flujo de trabajo cl\u00ednico. <\/span><\/h5>\n"}]}]}},{"acf_fc_layout":"simple_content","acfe_flexible_toggle":"","acfe_flexible_layout_title":"Simple Content","content_full_width_landing":{"module_options":{"":null,"module_id":"n651464d5779e5","module_class":"","module_background_type":"color","module_background_color":"","module_background_image":false,"module_background_video":"","activate_custom_padding":false,"padding_top_desktop":"0","padding_top_tablet":"0","padding_top_mobile":"0","padding_bottom_desktop":"0","padding_bottom_tablet":"0","padding_bottom_mobile":"0","activate_custom_margin":false,"margin_top_desktop":"0","margin_top_tablet":"0","margin_top_mobile":"0","margin_bottom_desktop":"0","margin_bottom_tablet":"0","margin_bottom_mobile":"0","disable_on":[],"content_alignment_desktop":"left","content_alignment_tablet":"left","content_alignment_mobile":"left"},"content":"<p><img loading=\"lazy\" decoding=\"async\" class=\" wp-image-7141 alignleft\" src=\"https:\/\/staging.natus.com\/wp-content\/uploads\/hba-logo.png\" alt=\"\" width=\"456\" height=\"228\" \/>La Academia de Audici\u00f3n y Equilibrio de Natus explora los \u00faltimos avances tecnol\u00f3gicos y cient\u00edficos en evaluaci\u00f3n y detecci\u00f3n auditiva, adaptaci\u00f3n de aud\u00edfonos y evaluaci\u00f3n del equilibrio.<\/p>\n<p>&nbsp;<\/p>\n<p>La membres\u00eda es GRATUITA e incluye acceso a seminarios electr\u00f3nicos en vivo, oportunidades de aprendizaje on-demand y recursos expertos de Lideres de Opini\u00f3n.<\/p>\n<p><a class=\"btn-v1\" href=\"https:\/\/hearing-balance.academy\/\" target=\"_blank\" rel=\"noopener\">VISITE LA ACADEMIA DE AUDICION &amp; BALANCE<\/a><\/p>\n<p>&nbsp;<\/p>\n<p>&nbsp;<\/p>\n<p><img loading=\"lazy\" decoding=\"async\" class=\" wp-image-7146 alignleft\" src=\"https:\/\/staging.natus.com\/wp-content\/uploads\/nta-logo.png\" alt=\"\" width=\"456\" height=\"228\" \/><\/p>\n<p>La Academia de Neuro Formaci\u00f3n de Natus se centra en programas educativos para profesionales de la salud neurol\u00f3gica, promoviendo conocimientos cl\u00ednicos avanzados y apoyo a nuestros clientes en el uso y la optimizaci\u00f3n de los productos de neurolog\u00eda de Natus. La membres\u00eda es GRATIS.<\/p>\n<p>&nbsp;<\/p>\n<p>Nuestra facultad de expertos incluye m\u00e9dicos, enfermeras, especialistas en aplicaciones cl\u00ednicas, ingenieros y otros profesionales capacitados con a\u00f1os de experiencia en una amplia gama de campos cl\u00ednicos.<\/p>\n<p><a class=\"btn-v1\" href=\"https:\/\/neuro-training.academy\/\" target=\"_blank\" rel=\"noopener\">VISITE LA ACADEMIA DE NEURO FORMACI\u00d3N<\/a><\/p>\n<p>&nbsp;<\/p>\n<p><img loading=\"lazy\" decoding=\"async\" class=\"size-full wp-image-7136 alignleft\" src=\"https:\/\/staging.natus.com\/wp-content\/uploads\/nca-logo.png\" alt=\"\" width=\"456\" height=\"228\" \/><\/p>\n<p>La Academia de Cuidado Neonatal de Natus es nuestro programa educativo para neonatolog\u00eda y atenci\u00f3n neonatal, dise\u00f1ado para ayudar a los m\u00e9dicos y profesionales a mantenerse a la vanguardia de su profesi\u00f3n.<\/p>\n<p>&nbsp;<\/p>\n<p>La membres\u00eda es GRATUITA para todos e incluye programas de formaci\u00f3n en l\u00ednea acreditados dirigidos por profesores l\u00edderes de opini\u00f3n, eventos regulares de seminarios electr\u00f3nicos y programas de capacitaci\u00f3n on-demand.<\/p>\n<p><a class=\"btn-v1\" href=\"https:\/\/neonatalcareacademy.com\/\" target=\"_blank\" rel=\"noopener\">VISITE LA ACADEMIA DE CUIDADO NEONATAL<\/a><\/p>\n<p>&nbsp;<\/p>\n<p><img loading=\"lazy\" decoding=\"async\" class=\"size-full wp-image-7151 alignleft\" src=\"https:\/\/staging.natus.com\/wp-content\/uploads\/vca-logo.png\" alt=\"\" width=\"456\" height=\"228\" \/><\/p>\n<p>La Natus VCA es nuestra plataforma de formaci\u00f3n para profesionales de im\u00e1genes neonatales y pedi\u00e1tricas de todo el mundo, para ayudarlos a mantenerse a la vanguardia en este campo. La membres\u00eda es GRATUITA y brinda acceso a cursos certificados de estilo modular, descargas cl\u00ednicas y programas de seminarios electr\u00f3nicos.<\/p>\n<p>&nbsp;<\/p>\n<p>Adem\u00e1s, hay un \u00e1rea exclusiva dedicada para que los usuarios de RetCam accedan a programas detallados dirigidos por L\u00edderes de opini\u00f3n y programas de capacitaci\u00f3n on- demand.<\/p>\n<p><a class=\"btn-v1\" href=\"https:\/\/vision-care.academy\/\" target=\"_blank\" rel=\"noopener\">VISITE LA ACADEMIA DE CUIDADOS DE LA VISION<\/a><\/p>\n"}}]},"_links":{"self":[{"href":"https:\/\/staging.natus.com\/es\/wp-json\/wp\/v2\/pages\/11304"}],"collection":[{"href":"https:\/\/staging.natus.com\/es\/wp-json\/wp\/v2\/pages"}],"about":[{"href":"https:\/\/staging.natus.com\/es\/wp-json\/wp\/v2\/types\/page"}],"author":[{"embeddable":true,"href":"https:\/\/staging.natus.com\/es\/wp-json\/wp\/v2\/users\/1"}],"replies":[{"embeddable":true,"href":"https:\/\/staging.natus.com\/es\/wp-json\/wp\/v2\/comments?post=11304"}],"version-history":[{"count":4,"href":"https:\/\/staging.natus.com\/es\/wp-json\/wp\/v2\/pages\/11304\/revisions"}],"predecessor-version":[{"id":15901,"href":"https:\/\/staging.natus.com\/es\/wp-json\/wp\/v2\/pages\/11304\/revisions\/15901"}],"wp:attachment":[{"href":"https:\/\/staging.natus.com\/es\/wp-json\/wp\/v2\/media?parent=11304"}],"wp:term":[{"taxonomy":"category","embeddable":true,"href":"https:\/\/staging.natus.com\/es\/wp-json\/wp\/v2\/categories?post=11304"},{"taxonomy":"post_tag","embeddable":true,"href":"https:\/\/staging.natus.com\/es\/wp-json\/wp\/v2\/tags?post=11304"}],"curies":[{"name":"wp","href":"https:\/\/api.w.org\/{rel}","templated":true}]}}